{"id":1118,"date":"2024-08-26T19:03:39","date_gmt":"2024-08-26T22:03:39","guid":{"rendered":"https:\/\/profjonas.com\/?page_id=1118"},"modified":"2024-09-26T00:15:13","modified_gmt":"2024-09-26T03:15:13","slug":"cursos-com-inscricoes-abertas","status":"publish","type":"page","link":"https:\/\/profjonas.com\/?page_id=1118","title":{"rendered":"Cursos"},"content":{"rendered":"\t\t<div data-elementor-type=\"wp-page\" data-elementor-id=\"1118\" class=\"elementor elementor-1118\" data-elementor-post-type=\"page\">\n\t\t\t\t\t\t<section data-particle_enable=\"false\" data-particle-mobile-disabled=\"false\" class=\"elementor-section elementor-top-section elementor-element elementor-element-712f8d3 elementor-section-height-min-height elementor-section-boxed elementor-section-height-default elementor-section-items-middle\" data-id=\"712f8d3\" data-element_type=\"section\" data-settings=\"{&quot;background_background&quot;:&quot;classic&quot;}\">\n\t\t\t\t\t\t\t<div class=\"elementor-background-overlay\"><\/div>\n\t\t\t\t\t\t\t<div class=\"elementor-container elementor-column-gap-default\">\n\t\t\t\t\t<div class=\"elementor-column elementor-col-50 elementor-top-column elementor-element elementor-element-60fb17c\" data-id=\"60fb17c\" data-element_type=\"column\">\n\t\t\t<div class=\"elementor-widget-wrap elementor-element-populated\">\n\t\t\t\t\t\t<div class=\"elementor-element elementor-element-f3005ad elementor-headline--style-highlight elementor-widget elementor-widget-animated-headline\" data-id=\"f3005ad\" data-element_type=\"widget\" data-settings=\"{&quot;highlighted_text&quot;:&quot;Inscri\\u00e7\\u00f5es Abertas&quot;,&quot;headline_style&quot;:&quot;highlight&quot;,&quot;marker&quot;:&quot;circle&quot;,&quot;loop&quot;:&quot;yes&quot;,&quot;highlight_animation_duration&quot;:1200,&quot;highlight_iteration_delay&quot;:8000}\" data-widget_type=\"animated-headline.default\">\n\t\t\t\t<div class=\"elementor-widget-container\">\n\t\t\t<link rel=\"stylesheet\" href=\"https:\/\/profjonas.com\/wp-content\/plugins\/elementor-pro\/assets\/css\/widget-animated-headline.min.css?ver=1724340535\">\t\t<h3 class=\"elementor-headline\">\n\t\t\t\t\t<span class=\"elementor-headline-plain-text elementor-headline-text-wrapper\">Cursos com<\/span>\n\t\t\t\t<span class=\"elementor-headline-dynamic-wrapper elementor-headline-text-wrapper\">\n\t\t\t\t\t<span class=\"elementor-headline-dynamic-text elementor-headline-text-active\">Inscri\u00e7\u00f5es Abertas<\/span>\n\t\t\t\t<\/span>\n\t\t\t\t<\/h3>\n\t\t\t\t<\/div>\n\t\t\t\t<\/div>\n\t\t\t\t<div class=\"elementor-element elementor-element-f629fcf elementor-drop-cap-yes elementor-drop-cap-view-default elementor-widget elementor-widget-text-editor\" data-id=\"f629fcf\" data-element_type=\"widget\" data-settings=\"{&quot;drop_cap&quot;:&quot;yes&quot;}\" data-widget_type=\"text-editor.default\">\n\t\t\t\t<div class=\"elementor-widget-container\">\n\t\t\t<style>\/*! elementor - v3.23.0 - 05-08-2024 *\/\n.elementor-widget-text-editor.elementor-drop-cap-view-stacked .elementor-drop-cap{background-color:#69727d;color:#fff}.elementor-widget-text-editor.elementor-drop-cap-view-framed .elementor-drop-cap{color:#69727d;border:3px solid;background-color:transparent}.elementor-widget-text-editor:not(.elementor-drop-cap-view-default) .elementor-drop-cap{margin-top:8px}.elementor-widget-text-editor:not(.elementor-drop-cap-view-default) .elementor-drop-cap-letter{width:1em;height:1em}.elementor-widget-text-editor .elementor-drop-cap{float:left;text-align:center;line-height:1;font-size:50px}.elementor-widget-text-editor .elementor-drop-cap-letter{display:inline-block}<\/style>\t\t\t\t<p><\/p>\n<p><strong>Compartilhar conhecimento \u00e9 o que me motiva.<\/strong> Nos meus cursos, divido minha experi\u00eancia em Matem\u00e1tica ou Intelig\u00eancia Artificial com voc\u00ea. Com anos de pr\u00e1tica e dedica\u00e7\u00e3o, desenvolvi cursos que v\u00e3o te ajudar a entender e aplicar os conceitos de maneira pr\u00e1tica e eficiente.<\/p>\n<p>Todo material \u00e9 feito cuidadosamente para cada curso, pensando no p\u00fablico alvo e assunto em quest\u00e3o.<\/p><p><br><\/p>\t\t\t\t\t\t<\/div>\n\t\t\t\t<\/div>\n\t\t\t\t\t<\/div>\n\t\t<\/div>\n\t\t\t\t<div class=\"elementor-column elementor-col-50 elementor-top-column elementor-element elementor-element-2274816\" data-id=\"2274816\" data-element_type=\"column\">\n\t\t\t<div class=\"elementor-widget-wrap\">\n\t\t\t\t\t\t\t<\/div>\n\t\t<\/div>\n\t\t\t\t\t<\/div>\n\t\t<\/section>\n\t\t\t\t<section data-particle_enable=\"false\" data-particle-mobile-disabled=\"false\" class=\"elementor-section elementor-top-section elementor-element elementor-element-ec15f6f elementor-section-boxed elementor-section-height-default elementor-section-height-default\" data-id=\"ec15f6f\" data-element_type=\"section\">\n\t\t\t\t\t\t<div class=\"elementor-container elementor-column-gap-default\">\n\t\t\t\t\t<div class=\"elementor-column elementor-col-100 elementor-top-column elementor-element elementor-element-e699c2f\" data-id=\"e699c2f\" data-element_type=\"column\">\n\t\t\t<div class=\"elementor-widget-wrap elementor-element-populated\">\n\t\t\t\t\t\t<div class=\"elementor-element elementor-element-2325259 elementor-widget elementor-widget-prime-slider-fiestar\" data-id=\"2325259\" data-element_type=\"widget\" data-widget_type=\"prime-slider-fiestar.default\">\n\t\t\t\t<div class=\"elementor-widget-container\">\n\t\t\t        <div class=\"bdt-prime-slider\">\n            <div id=\"bdt-prime-slider-2325259\" class=\"bdt-fiestar-slider elementor-swiper\" data-settings=\"{&quot;autoplay&quot;:{&quot;delay&quot;:5000},&quot;loop&quot;:true,&quot;speed&quot;:900,&quot;slidesPerView&quot;:1,&quot;slidesPerGroup&quot;:1,&quot;centeredSlides&quot;:true,&quot;effect&quot;:&quot;slide&quot;,&quot;parallax&quot;:true,&quot;breakpoints&quot;:{&quot;767&quot;:{&quot;slidesPerView&quot;:3,&quot;spaceBetween&quot;:20,&quot;slidesPerGroup&quot;:1},&quot;1023&quot;:{&quot;slidesPerView&quot;:3,&quot;spaceBetween&quot;:20,&quot;slidesPerGroup&quot;:1}},&quot;navigation&quot;:{&quot;nextEl&quot;:&quot;#bdt-prime-slider-2325259 .bdt-navigation-next&quot;,&quot;prevEl&quot;:&quot;#bdt-prime-slider-2325259 .bdt-navigation-prev&quot;},&quot;lazy&quot;:{&quot;loadPrevNext&quot;:&quot;true&quot;}}\">\n                <div class=\"bdt-center-slider\">\n                    <div class=\"swiper-wrapper\">\n                            <div class=\"bdt-item swiper-slide\">\n            <div class=\"bdt-img-wrap\">\n                <img fetchpriority=\"high\" decoding=\"async\" width=\"900\" height=\"1600\" src=\"https:\/\/profjonas.com\/wp-content\/uploads\/2024\/09\/WhatsApp-Image-2024-09-12-at-14.24.03.jpeg\" class=\"bdt-img swiper-lazy\" alt=\"Modelos de Intelig\u00eancia Artificial para Efici\u00eancia na Gest\u00e3o P\u00fablica\" srcset=\"https:\/\/profjonas.com\/wp-content\/uploads\/2024\/09\/WhatsApp-Image-2024-09-12-at-14.24.03.jpeg 900w, https:\/\/profjonas.com\/wp-content\/uploads\/2024\/09\/WhatsApp-Image-2024-09-12-at-14.24.03-169x300.jpeg 169w, https:\/\/profjonas.com\/wp-content\/uploads\/2024\/09\/WhatsApp-Image-2024-09-12-at-14.24.03-576x1024.jpeg 576w, https:\/\/profjonas.com\/wp-content\/uploads\/2024\/09\/WhatsApp-Image-2024-09-12-at-14.24.03-768x1365.jpeg 768w, https:\/\/profjonas.com\/wp-content\/uploads\/2024\/09\/WhatsApp-Image-2024-09-12-at-14.24.03-864x1536.jpeg 864w\" sizes=\"(max-width: 900px) 100vw, 900px\" \/>            <\/div>\n            <div class=\"bdt-content\">\n                        <div class=\"bdt-category\" data-reveal=\"reveal-active\">\n        <a href=\"https:\/\/profjonas.com\/?cat=40\" rel=\"tag\">Cursos<\/a>        <\/div>\n                        <h3 class=\"bdt-title\" data-reveal=\"reveal-active\">\n                <a href=\"https:\/\/profjonas.com\/?p=1209\" title=\"Modelos de Intelig\u00eancia Artificial para Efici\u00eancia na Gest\u00e3o P\u00fablica\">\n                    Modelos de Intelig\u00eancia Artificial para Efici\u00eancia na Gest\u00e3o P\u00fablica\n                <\/a>\n            <\/h3>            <\/div>\n                    <\/div>\n                <div class=\"bdt-item swiper-slide\">\n            <div class=\"bdt-img-wrap\">\n                <img decoding=\"async\" width=\"874\" height=\"1528\" src=\"https:\/\/profjonas.com\/wp-content\/uploads\/2024\/08\/WhatsApp-Image-2024-08-01-at-06.23.49-e1724709576596.jpeg\" class=\"bdt-img swiper-lazy\" alt=\"Intelig\u00eancia Artificial nos Processos de Gest\u00e3o dos \u00d3rg\u00e3os P\u00fablicos e Empresas\" srcset=\"https:\/\/profjonas.com\/wp-content\/uploads\/2024\/08\/WhatsApp-Image-2024-08-01-at-06.23.49-e1724709576596.jpeg 874w, https:\/\/profjonas.com\/wp-content\/uploads\/2024\/08\/WhatsApp-Image-2024-08-01-at-06.23.49-e1724709576596-172x300.jpeg 172w, https:\/\/profjonas.com\/wp-content\/uploads\/2024\/08\/WhatsApp-Image-2024-08-01-at-06.23.49-e1724709576596-586x1024.jpeg 586w, https:\/\/profjonas.com\/wp-content\/uploads\/2024\/08\/WhatsApp-Image-2024-08-01-at-06.23.49-e1724709576596-768x1343.jpeg 768w\" sizes=\"(max-width: 874px) 100vw, 874px\" \/>            <\/div>\n            <div class=\"bdt-content\">\n                        <div class=\"bdt-category\" data-reveal=\"reveal-active\">\n        <a href=\"https:\/\/profjonas.com\/?cat=40\" rel=\"tag\">Cursos<\/a>        <\/div>\n                        <h3 class=\"bdt-title\" data-reveal=\"reveal-active\">\n                <a href=\"https:\/\/profjonas.com\/?p=1134\" title=\"Intelig\u00eancia Artificial nos Processos de Gest\u00e3o dos \u00d3rg\u00e3os P\u00fablicos e Empresas\">\n                    Intelig\u00eancia Artificial nos Processos de Gest\u00e3o dos \u00d3rg\u00e3os P\u00fablicos e Empresas\n                <\/a>\n            <\/h3>            <\/div>\n                    <\/div>\n                <div class=\"bdt-item swiper-slide\">\n            <div class=\"bdt-img-wrap\">\n                <img decoding=\"async\" width=\"1142\" height=\"1600\" src=\"https:\/\/profjonas.com\/wp-content\/uploads\/2024\/08\/WhatsApp-Image-2024-08-24-at-12.44.57.jpeg\" class=\"bdt-img swiper-lazy\" alt=\"Intelig\u00eancia Artificial para Gest\u00e3o (On-line)\" srcset=\"https:\/\/profjonas.com\/wp-content\/uploads\/2024\/08\/WhatsApp-Image-2024-08-24-at-12.44.57.jpeg 1142w, https:\/\/profjonas.com\/wp-content\/uploads\/2024\/08\/WhatsApp-Image-2024-08-24-at-12.44.57-214x300.jpeg 214w, https:\/\/profjonas.com\/wp-content\/uploads\/2024\/08\/WhatsApp-Image-2024-08-24-at-12.44.57-731x1024.jpeg 731w, https:\/\/profjonas.com\/wp-content\/uploads\/2024\/08\/WhatsApp-Image-2024-08-24-at-12.44.57-768x1076.jpeg 768w, https:\/\/profjonas.com\/wp-content\/uploads\/2024\/08\/WhatsApp-Image-2024-08-24-at-12.44.57-1096x1536.jpeg 1096w\" sizes=\"(max-width: 1142px) 100vw, 1142px\" \/>            <\/div>\n            <div class=\"bdt-content\">\n                        <div class=\"bdt-category\" data-reveal=\"reveal-active\">\n        <a href=\"https:\/\/profjonas.com\/?cat=40\" rel=\"tag\">Cursos<\/a>        <\/div>\n                        <h3 class=\"bdt-title\" data-reveal=\"reveal-active\">\n                <a href=\"https:\/\/profjonas.com\/?p=1128\" title=\"Intelig\u00eancia Artificial para Gest\u00e3o (On-line)\">\n                    Intelig\u00eancia Artificial para Gest\u00e3o (On-line)\n                <\/a>\n            <\/h3>            <\/div>\n                    <\/div>\n                            <\/div>\n\n                                        <div class=\"bdt-navigation-wrap reveal-muted\">\n                        <div class=\"bdt-navigation-prev\">\n                            <i class=\"ps-wi-arrow-left-8\"><\/i>\n                        <\/div>\n                        <div class=\"bdt-navigation-next\">\n                            <i class=\"ps-wi-arrow-right-8\"><\/i>\n                        <\/div>\n                    <\/div>\n                    \n                <\/div>\n            <\/div>\n        <\/div>\n        \t\t<\/div>\n\t\t\t\t<\/div>\n\t\t\t\t\t<\/div>\n\t\t<\/div>\n\t\t\t\t\t<\/div>\n\t\t<\/section>\n\t\t\t\t<\/div>\n\t\t","protected":false},"excerpt":{"rendered":"<p>Cursos com Inscri\u00e7\u00f5es Abertas Compartilhar conhecimento \u00e9 o que me motiva. Nos meus cursos, divido minha experi\u00eancia em Matem\u00e1tica ou Intelig\u00eancia Artificial com voc\u00ea. Com anos de pr\u00e1tica e dedica\u00e7\u00e3o, desenvolvi cursos que v\u00e3o te ajudar a entender e aplicar os conceitos de maneira pr\u00e1tica e eficiente. Todo material \u00e9 feito cuidadosamente para cada curso, [&hellip;]<\/p>\n","protected":false},"author":1,"featured_media":0,"parent":0,"menu_order":0,"comment_status":"closed","ping_status":"closed","template":"","meta":{"footnotes":""},"class_list":["post-1118","page","type-page","status-publish","hentry"],"_links":{"self":[{"href":"https:\/\/profjonas.com\/index.php?rest_route=\/wp\/v2\/pages\/1118","targetHints":{"allow":["GET"]}}],"collection":[{"href":"https:\/\/profjonas.com\/index.php?rest_route=\/wp\/v2\/pages"}],"about":[{"href":"https:\/\/profjonas.com\/index.php?rest_route=\/wp\/v2\/types\/page"}],"author":[{"embeddable":true,"href":"https:\/\/profjonas.com\/index.php?rest_route=\/wp\/v2\/users\/1"}],"replies":[{"embeddable":true,"href":"https:\/\/profjonas.com\/index.php?rest_route=%2Fwp%2Fv2%2Fcomments&post=1118"}],"version-history":[{"count":23,"href":"https:\/\/profjonas.com\/index.php?rest_route=\/wp\/v2\/pages\/1118\/revisions"}],"predecessor-version":[{"id":1314,"href":"https:\/\/profjonas.com\/index.php?rest_route=\/wp\/v2\/pages\/1118\/revisions\/1314"}],"wp:attachment":[{"href":"https:\/\/profjonas.com\/index.php?rest_route=%2Fwp%2Fv2%2Fmedia&parent=1118"}],"curies":[{"name":"wp","href":"https:\/\/api.w.org\/{rel}","templated":true}]}}