{"id":1244,"date":"2024-09-16T15:49:28","date_gmt":"2024-09-16T18:49:28","guid":{"rendered":"https:\/\/profjonas.com\/?page_id=1244"},"modified":"2024-09-16T16:21:34","modified_gmt":"2024-09-16T19:21:34","slug":"palestras","status":"publish","type":"page","link":"https:\/\/profjonas.com\/?page_id=1244","title":{"rendered":"Palestras"},"content":{"rendered":"\t\t<div data-elementor-type=\"wp-page\" data-elementor-id=\"1244\" class=\"elementor elementor-1244\" data-elementor-post-type=\"page\">\n\t\t\t\t\t\t<section data-particle_enable=\"false\" data-particle-mobile-disabled=\"false\" class=\"elementor-section elementor-top-section elementor-element elementor-element-712f8d3 elementor-section-height-min-height elementor-section-boxed elementor-section-height-default elementor-section-items-middle\" data-id=\"712f8d3\" data-element_type=\"section\" data-settings=\"{&quot;background_background&quot;:&quot;classic&quot;}\">\n\t\t\t\t\t\t\t<div class=\"elementor-background-overlay\"><\/div>\n\t\t\t\t\t\t\t<div class=\"elementor-container elementor-column-gap-default\">\n\t\t\t\t\t<div class=\"elementor-column elementor-col-50 elementor-top-column elementor-element elementor-element-60fb17c\" data-id=\"60fb17c\" data-element_type=\"column\">\n\t\t\t<div class=\"elementor-widget-wrap elementor-element-populated\">\n\t\t\t\t\t\t<div class=\"elementor-element elementor-element-f3005ad elementor-headline--style-highlight elementor-widget elementor-widget-animated-headline\" data-id=\"f3005ad\" data-element_type=\"widget\" data-settings=\"{&quot;highlighted_text&quot;:&quot;Palestras&quot;,&quot;headline_style&quot;:&quot;highlight&quot;,&quot;marker&quot;:&quot;circle&quot;,&quot;loop&quot;:&quot;yes&quot;,&quot;highlight_animation_duration&quot;:1200,&quot;highlight_iteration_delay&quot;:8000}\" data-widget_type=\"animated-headline.default\">\n\t\t\t\t<div class=\"elementor-widget-container\">\n\t\t\t<link rel=\"stylesheet\" href=\"https:\/\/profjonas.com\/wp-content\/plugins\/elementor-pro\/assets\/css\/widget-animated-headline.min.css?ver=1724340535\">\t\t<h3 class=\"elementor-headline\">\n\t\t\t\t\t<span class=\"elementor-headline-plain-text elementor-headline-text-wrapper\">\u00daltimas<\/span>\n\t\t\t\t<span class=\"elementor-headline-dynamic-wrapper elementor-headline-text-wrapper\">\n\t\t\t\t\t<span class=\"elementor-headline-dynamic-text elementor-headline-text-active\">Palestras<\/span>\n\t\t\t\t<\/span>\n\t\t\t\t<\/h3>\n\t\t\t\t<\/div>\n\t\t\t\t<\/div>\n\t\t\t\t\t<\/div>\n\t\t<\/div>\n\t\t\t\t<div class=\"elementor-column elementor-col-50 elementor-top-column elementor-element elementor-element-2274816\" data-id=\"2274816\" data-element_type=\"column\">\n\t\t\t<div class=\"elementor-widget-wrap\">\n\t\t\t\t\t\t\t<\/div>\n\t\t<\/div>\n\t\t\t\t\t<\/div>\n\t\t<\/section>\n\t\t\t\t<section data-particle_enable=\"false\" data-particle-mobile-disabled=\"false\" class=\"elementor-section elementor-top-section elementor-element elementor-element-ec15f6f elementor-section-boxed elementor-section-height-default elementor-section-height-default\" data-id=\"ec15f6f\" data-element_type=\"section\">\n\t\t\t\t\t\t<div class=\"elementor-container elementor-column-gap-default\">\n\t\t\t\t\t<div class=\"elementor-column elementor-col-100 elementor-top-column elementor-element elementor-element-e699c2f\" data-id=\"e699c2f\" data-element_type=\"column\">\n\t\t\t<div class=\"elementor-widget-wrap elementor-element-populated\">\n\t\t\t\t\t\t<div class=\"elementor-element elementor-element-2325259 elementor-widget elementor-widget-prime-slider-fiestar\" data-id=\"2325259\" data-element_type=\"widget\" data-widget_type=\"prime-slider-fiestar.default\">\n\t\t\t\t<div class=\"elementor-widget-container\">\n\t\t\t        <div class=\"bdt-prime-slider\">\n            <div id=\"bdt-prime-slider-2325259\" class=\"bdt-fiestar-slider elementor-swiper\" data-settings=\"{&quot;autoplay&quot;:{&quot;delay&quot;:5000},&quot;loop&quot;:true,&quot;speed&quot;:900,&quot;slidesPerView&quot;:1,&quot;slidesPerGroup&quot;:1,&quot;centeredSlides&quot;:true,&quot;effect&quot;:&quot;slide&quot;,&quot;parallax&quot;:true,&quot;breakpoints&quot;:{&quot;767&quot;:{&quot;slidesPerView&quot;:3,&quot;spaceBetween&quot;:20,&quot;slidesPerGroup&quot;:1},&quot;1023&quot;:{&quot;slidesPerView&quot;:3,&quot;spaceBetween&quot;:20,&quot;slidesPerGroup&quot;:1}},&quot;navigation&quot;:{&quot;nextEl&quot;:&quot;#bdt-prime-slider-2325259 .bdt-navigation-next&quot;,&quot;prevEl&quot;:&quot;#bdt-prime-slider-2325259 .bdt-navigation-prev&quot;},&quot;lazy&quot;:{&quot;loadPrevNext&quot;:&quot;true&quot;}}\">\n                <div class=\"bdt-center-slider\">\n                    <div class=\"swiper-wrapper\">\n                            <div class=\"bdt-item swiper-slide\">\n            <div class=\"bdt-img-wrap\">\n                <img fetchpriority=\"high\" decoding=\"async\" width=\"2796\" height=\"1290\" src=\"https:\/\/profjonas.com\/wp-content\/uploads\/2024\/08\/IMG_6838_Original.png\" class=\"bdt-img swiper-lazy\" alt=\"Revolu\u00e7\u00e3o Inclusiva &#8211; Transformando Vidas com Intelig\u00eancia Artificial na Acessibilidade\" srcset=\"https:\/\/profjonas.com\/wp-content\/uploads\/2024\/08\/IMG_6838_Original.png 2796w, https:\/\/profjonas.com\/wp-content\/uploads\/2024\/08\/IMG_6838_Original-300x138.png 300w, https:\/\/profjonas.com\/wp-content\/uploads\/2024\/08\/IMG_6838_Original-1024x472.png 1024w, https:\/\/profjonas.com\/wp-content\/uploads\/2024\/08\/IMG_6838_Original-768x354.png 768w, https:\/\/profjonas.com\/wp-content\/uploads\/2024\/08\/IMG_6838_Original-1536x709.png 1536w, https:\/\/profjonas.com\/wp-content\/uploads\/2024\/08\/IMG_6838_Original-2048x945.png 2048w\" sizes=\"(max-width: 2796px) 100vw, 2796px\" \/>            <\/div>\n            <div class=\"bdt-content\">\n                        <div class=\"bdt-category\" data-reveal=\"reveal-active\">\n        <a href=\"https:\/\/profjonas.com\/?cat=47\" rel=\"tag\">Palestras<\/a>        <\/div>\n                        <h3 class=\"bdt-title\" data-reveal=\"reveal-active\">\n                <a href=\"https:\/\/profjonas.com\/?p=1275\" title=\"Revolu\u00e7\u00e3o Inclusiva &#8211; Transformando Vidas com Intelig\u00eancia Artificial na Acessibilidade\">\n                    Revolu\u00e7\u00e3o Inclusiva &#8211; Transformando Vidas com Intelig\u00eancia Artificial na Acessibilidade\n                <\/a>\n            <\/h3>            <\/div>\n                    <\/div>\n                <div class=\"bdt-item swiper-slide\">\n            <div class=\"bdt-img-wrap\">\n                <img decoding=\"async\" width=\"1082\" height=\"1082\" src=\"https:\/\/profjonas.com\/wp-content\/uploads\/2024\/09\/PHOTO-2023-10-18-17-41-52.jpg\" class=\"bdt-img swiper-lazy\" alt=\"Intelig\u00eancia Artificial e Machine Learning\" srcset=\"https:\/\/profjonas.com\/wp-content\/uploads\/2024\/09\/PHOTO-2023-10-18-17-41-52.jpg 1082w, https:\/\/profjonas.com\/wp-content\/uploads\/2024\/09\/PHOTO-2023-10-18-17-41-52-300x300.jpg 300w, https:\/\/profjonas.com\/wp-content\/uploads\/2024\/09\/PHOTO-2023-10-18-17-41-52-1024x1024.jpg 1024w, https:\/\/profjonas.com\/wp-content\/uploads\/2024\/09\/PHOTO-2023-10-18-17-41-52-150x150.jpg 150w, https:\/\/profjonas.com\/wp-content\/uploads\/2024\/09\/PHOTO-2023-10-18-17-41-52-768x768.jpg 768w\" sizes=\"(max-width: 1082px) 100vw, 1082px\" \/>            <\/div>\n            <div class=\"bdt-content\">\n                        <div class=\"bdt-category\" data-reveal=\"reveal-active\">\n        <a href=\"https:\/\/profjonas.com\/?cat=47\" rel=\"tag\">Palestras<\/a>        <\/div>\n                        <h3 class=\"bdt-title\" data-reveal=\"reveal-active\">\n                <a href=\"https:\/\/profjonas.com\/?p=1264\" title=\"Intelig\u00eancia Artificial e Machine Learning\">\n                    Intelig\u00eancia Artificial e Machine Learning\n                <\/a>\n            <\/h3>            <\/div>\n                    <\/div>\n                <div class=\"bdt-item swiper-slide\">\n            <div class=\"bdt-img-wrap\">\n                <img decoding=\"async\" width=\"1108\" height=\"618\" src=\"https:\/\/profjonas.com\/wp-content\/uploads\/2024\/09\/652367_808903.png\" class=\"bdt-img swiper-lazy\" alt=\"Democratic Governance in the leadership of Parliaments: a path towards Modernisation\" srcset=\"https:\/\/profjonas.com\/wp-content\/uploads\/2024\/09\/652367_808903.png 1108w, https:\/\/profjonas.com\/wp-content\/uploads\/2024\/09\/652367_808903-300x167.png 300w, https:\/\/profjonas.com\/wp-content\/uploads\/2024\/09\/652367_808903-1024x571.png 1024w, https:\/\/profjonas.com\/wp-content\/uploads\/2024\/09\/652367_808903-768x428.png 768w\" sizes=\"(max-width: 1108px) 100vw, 1108px\" \/>            <\/div>\n            <div class=\"bdt-content\">\n                        <div class=\"bdt-category\" data-reveal=\"reveal-active\">\n        <a href=\"https:\/\/profjonas.com\/?cat=47\" rel=\"tag\">Palestras<\/a>        <\/div>\n                        <h3 class=\"bdt-title\" data-reveal=\"reveal-active\">\n                <a href=\"https:\/\/profjonas.com\/?p=1258\" title=\"Democratic Governance in the leadership of Parliaments: a path towards Modernisation\">\n                    Democratic Governance in the leadership of Parliaments: a path towards Modernisation\n                <\/a>\n            <\/h3>            <\/div>\n                    <\/div>\n                <div class=\"bdt-item swiper-slide\">\n            <div class=\"bdt-img-wrap\">\n                <img loading=\"lazy\" decoding=\"async\" width=\"1818\" height=\"1900\" src=\"https:\/\/profjonas.com\/wp-content\/uploads\/2024\/09\/Captura-de-Tela-2024-09-16-as-16.14.16.png\" class=\"bdt-img swiper-lazy\" alt=\"O Uso da Intelig\u00eancia Artificial em Eventos (16\/06\/2023)\" srcset=\"https:\/\/profjonas.com\/wp-content\/uploads\/2024\/09\/Captura-de-Tela-2024-09-16-as-16.14.16.png 1818w, https:\/\/profjonas.com\/wp-content\/uploads\/2024\/09\/Captura-de-Tela-2024-09-16-as-16.14.16-287x300.png 287w, https:\/\/profjonas.com\/wp-content\/uploads\/2024\/09\/Captura-de-Tela-2024-09-16-as-16.14.16-980x1024.png 980w, https:\/\/profjonas.com\/wp-content\/uploads\/2024\/09\/Captura-de-Tela-2024-09-16-as-16.14.16-768x803.png 768w, https:\/\/profjonas.com\/wp-content\/uploads\/2024\/09\/Captura-de-Tela-2024-09-16-as-16.14.16-1470x1536.png 1470w\" sizes=\"(max-width: 1818px) 100vw, 1818px\" \/>            <\/div>\n            <div class=\"bdt-content\">\n                        <div class=\"bdt-category\" data-reveal=\"reveal-active\">\n        <a href=\"https:\/\/profjonas.com\/?cat=47\" rel=\"tag\">Palestras<\/a>        <\/div>\n                        <h3 class=\"bdt-title\" data-reveal=\"reveal-active\">\n                <a href=\"https:\/\/profjonas.com\/?p=1246\" title=\"O Uso da Intelig\u00eancia Artificial em Eventos (16\/06\/2023)\">\n                    O Uso da Intelig\u00eancia Artificial em Eventos (16\/06\/2023)\n                <\/a>\n            <\/h3>            <\/div>\n                    <\/div>\n                            <\/div>\n\n                                        <div class=\"bdt-navigation-wrap reveal-muted\">\n                        <div class=\"bdt-navigation-prev\">\n                            <i class=\"ps-wi-arrow-left-8\"><\/i>\n                        <\/div>\n                        <div class=\"bdt-navigation-next\">\n                            <i class=\"ps-wi-arrow-right-8\"><\/i>\n                        <\/div>\n                    <\/div>\n                    \n                <\/div>\n            <\/div>\n        <\/div>\n        \t\t<\/div>\n\t\t\t\t<\/div>\n\t\t\t\t\t<\/div>\n\t\t<\/div>\n\t\t\t\t\t<\/div>\n\t\t<\/section>\n\t\t\t\t<\/div>\n\t\t","protected":false},"excerpt":{"rendered":"<p>\u00daltimas Palestras Palestras O Uso da Intelig\u00eancia Artificial em Eventos (16\/06\/2023)<\/p>\n","protected":false},"author":1,"featured_media":0,"parent":0,"menu_order":0,"comment_status":"closed","ping_status":"closed","template":"","meta":{"footnotes":""},"class_list":["post-1244","page","type-page","status-publish","hentry"],"_links":{"self":[{"href":"https:\/\/profjonas.com\/index.php?rest_route=\/wp\/v2\/pages\/1244","targetHints":{"allow":["GET"]}}],"collection":[{"href":"https:\/\/profjonas.com\/index.php?rest_route=\/wp\/v2\/pages"}],"about":[{"href":"https:\/\/profjonas.com\/index.php?rest_route=\/wp\/v2\/types\/page"}],"author":[{"embeddable":true,"href":"https:\/\/profjonas.com\/index.php?rest_route=\/wp\/v2\/users\/1"}],"replies":[{"embeddable":true,"href":"https:\/\/profjonas.com\/index.php?rest_route=%2Fwp%2Fv2%2Fcomments&post=1244"}],"version-history":[{"count":7,"href":"https:\/\/profjonas.com\/index.php?rest_route=\/wp\/v2\/pages\/1244\/revisions"}],"predecessor-version":[{"id":1256,"href":"https:\/\/profjonas.com\/index.php?rest_route=\/wp\/v2\/pages\/1244\/revisions\/1256"}],"wp:attachment":[{"href":"https:\/\/profjonas.com\/index.php?rest_route=%2Fwp%2Fv2%2Fmedia&parent=1244"}],"curies":[{"name":"wp","href":"https:\/\/api.w.org\/{rel}","templated":true}]}}